{"id":1014,"date":"2020-02-06T14:49:52","date_gmt":"2020-02-06T13:49:52","guid":{"rendered":"https:\/\/www.fioristaspinelli.it\/?page_id=1014"},"modified":"2020-05-12T19:53:22","modified_gmt":"2020-05-12T17:53:22","slug":"privacy","status":"publish","type":"page","link":"https:\/\/www.fioristaspinelli.it\/index.php\/privacy\/","title":{"rendered":"PRIVACY"},"content":{"rendered":"<p><section data-kc-fullwidth=\"row\" class=\"kc-elm kc-css-333111 kc_row\"><div class=\"kc-row-container  kc-container\"><div class=\"kc-wrap-columns\"><div class=\"kc-elm kc-css-689358 kc_col-sm-12 kc_column kc_col-sm-12\"><div class=\"kc-col-container\"><div class=\"kc-elm kc-css-2815 kc_text_block\"><\/p>\n<h1>PRIVACY<\/h1>\n<p>\n<\/div><\/div><\/div><\/div><\/div><\/section><section class=\"kc-elm kc-css-225458 kc_row\"><div class=\"kc-row-container  kc-container\"><div class=\"kc-wrap-columns\"><div class=\"kc-elm kc-css-139214 kc_col-sm-12 kc_column kc_col-sm-12\"><div class=\"kc-col-container\"><div class=\"kc-elm kc-css-421193 kc_text_block\"><\/p>\n<p><strong>Premessa<\/strong><br \/>Fiorista Spinelli di Ramoino Roberta \u00e8 consapevole dell\u2019importanza della tutela della privacy e dei diritti di tutti gli utenti Web e poich\u00e8 Internet \u00e8 uno strumento potenzialmente forte per la circolazione dei dati personali, ha voluto impegnarsi seriamente nel rispettare regole di condotta \u2013 in linea con il Regolamento (UE) 2016\/679 del 27 aprile 2016 (Codice in materia di protezione dei dati personali) \u2013 che garantiscano una sicura, controllata e riservata navigazione nella rete. Questa politica di tutela della riservatezza delle informazioni potrebbe subire variazioni nel tempo, anche in funzione delle integrazioni e delle modifiche legislative e regolamentari in materia, pertanto, Vi invitiamo a consultare periodicamente questa sezione del nostro sito. Vi invitiamo, pertanto, a prendere visione delle regole che la nostra societ\u00e0 si \u00e8 imposta nel raccogliere e nel trattare i dati personali e nel fornire sempre un servizio soddisfacente agli utenti del proprio sito.<br \/><strong>Principi-base della privacy policy di Fiorista Spinelli di Ramoino Roberta.<\/strong><br \/>(1) trattare i dati esclusivamente per le finalit\u00e0 e secondo le modalit\u00e0 illustrate nell\u2019informativa che viene presentata all\u2019utente di volta in volta che accede ad un servizio per il quale \u00e8 previsto il conferimento di dati personali;<br \/>(2) utilizzare esclusivamente i dati che sono stati rilasciati spontaneamente dall\u2019utente;<br \/>(3) rendere disponibili i dati a soggetti terzi esclusivamente per fini strumentali all\u2019erogazione dei servizi richiesti;<br \/>(4) comunicare i dati a soggetti terzi esclusivamente per attivit\u00e0 connesse all\u2019erogazione dei servizi richiesti o qualora ci sia imposto da legge, regolamento o normativa comunitaria;<br \/>(5) rispondere alle richieste di cancellazione, di modifica, di integrazione dei dati forniti, di opposizione al trattamento dei dati se trattati in violazione di legge;<br \/>(6) assicurare un corretto e lecito trattamento dei Vostri dati, salvaguardando la Vostra riservatezza, nonch\u00e8 applicare misure idonee di sicurezza a tutela della riservatezza, dell\u2019integrit\u00e0 e della disponibilit\u00e0 dei dati stessi.<br \/><strong>Informativa ai sensi del regolamento (UE) 2016\/679 del 27 aprile 2016<\/strong><br \/>Come meglio esplicitato ove richiesto di rilasciare i propri dati personali, i dati conferiti sono utilizzati per poter rispondere alle richieste espressamente avanzate dall\u2019utente. In particolare, tutte le attivit\u00e0 di raccolta e successivo trattamento dei dati sono finalizzate al perseguimento di finalit\u00e0 di contatto commerciale e professionale di Fiorista Spinelli di Ramoino Roberta. Solo se \u00e8 stato prestato il proprio consenso, i dati sono utilizzati anche per l\u2019invio di materiale promozionale e pubblicitario, per fini di marketing e per l\u2019aggiornamento della nostra banca dati. In nessun caso, i dati sono comunicati a terzi per loro autonomi utilizzi aventi fini di marketing. Per fini connessi all\u2019erogazione del servizio a cui l\u2019utente ha aderito, i dati potrebbero messi a disposizione di soggetti terzi, autonomi titolari del trattamento (ad esempio: consulenti del lavoro nel caso di assunzione di candidati che abbiano compilato apposito form), che erogano servizi strumentali a soddisfare la richiesta dell\u2019utente od ai quali la comunicazione dei dati necessaria per ottemperare a norme di legge o regolamenti. I dati personali saranno resi disponibili a persone espressamente autorizzate da Fiorista Spinelli di Ramoino Roberta che svolgono attivit\u00e0 di trattamento indispensabili per il perseguimento delle finalit sopra indicate; le categorie dei soggetti incaricati sono di volta in volta precisate nell\u2019informativa. In linea generale, si tratta delle persone preposte all\u2019erogazione dei servizi specifici, alla amministrazione, alla gestione dei servizi informativi, ai servizi di commercializzazione dei nostri servizi. Fiorista Spinelli di Ramoino Roberta con sede in Corso Garibaldi 15, 18100 Imperia (IM) il titolare del trattamento, poich\u00e8 pu\u00f2 decidere in quale modo e per quali motivi, comunicati nell\u2019informativa specifica, raccogliere ed utilizzare i dati personali conferiti dall\u2019utente, nonch\u00e8 con quali strumenti trattarli e quali procedure di sicurezza attivare per garantirne l\u2019integrit\u00e0, la riservatezza e la disponibilit\u00e0. Sono garantiti i diritti che permette di cancellare, modificare o integrare i dati gi spontaneamente forniti, nonch\u00e8 richiederne il blocco, la trasformazione in forma anonima od opporsi al loro trattamento se effettuato in violazione di legge. Grazie all\u2019esercizio di questi diritti Vi sar\u00e0 possibile controllare l\u2019utilizzo dei Vostri dati anche successivamente al loro conferimento.<br \/><strong>Consultazione, modifica e cancellazione dei dati personali.<\/strong><br \/>Si informa inoltre che possono essere esercitati, in qualsiasi momento, all\u2019indirizzo roberta@fioristaspinelli.it\u00a0 (in alternativa, all\u2019indirizzo postale riportato al precedente paragrafo, all\u2019attenzione del titolare, i diritti di cui al regolamento (UE) 2016\/679 del 27 aprile 2016, qui di seguito riportato nella sua parte essenziale. Si ha diritto ad ottenere:<br \/>(1) la conferma dell\u2019esistenza o meno di dati personali che Vi riguardano e la comunicazione in forma intelligibile dei medesimi dati e della loro origine, nonch\u00e8 della logica e delle finalit\u00e0 su cui si basa il trattamento se effettuato con strumenti elettronici; la richiesta pu\u00f2 essere rinnovata, salva l\u2019esistenza di giustificati motivi, con intervallo non minore di novanta giorni;<br \/>(2) la cancellazione, la trasformazione in forma anonima o il blocco dei dati trattati in violazione di legge;<br \/>(3) l\u2019aggiornamento, la rettificazione ovvero, qualora vi abbia interesse, l\u2019integrazione dei dati;<br \/>(4) di opporsi, in tutto o in parte, per motivi legittimi, al trattamento dei dati personali che Vi riguardano.<br \/>Soggetti terzi a cui sono comunicati i Vostri dati<br \/>I Vostri dati potranno essere messi a disposizione di soggetti terzi, autonomi titolari del trattamento, per fini connessi all\u2019erogazione dei servizi o in ottemperanza a norme di legge e regolamenti che ne dispongono la comunicazione, nonch\u00e8 ad organi di controllo.<br \/>Che cosa sono i cookies e come sono utilizzati da Fiorista Spinelli di Ramoino Roberta.<br \/>I cookies sono informazioni che vengono salvate sul disco fisso del Vostro PC e che sono inviate dal Vostro browser ad un Web server e che si riferiscono al Vostro utilizzo della rete. Pertanto, permettono di conoscere i servizi, i siti frequentati, le opzioni che, navigando in rete, sono stati manifestate. Queste informazioni non sono, quindi, fornite spontaneamente e direttamente, ma lasciano traccia della navigazione in rete da parte dell\u2019utente. A questo proposito, si intende chiarire che i dati rilevati attraverso i cookies saranno utilizzati esclusivamente per esigenze di carattere prettamente tecnico, al fine di garantire un pi\u00f9 agevole, immediato e rapido accesso al sito ed ai suoi servizi ed una navigazione facilitata al singolo utente.<br \/>Per maggiori informazioni potete consultare la nostra politica sui cookies a questo indirizzo http:\/\/www.fioristaspinelli.it\/cookies<br \/>La sicurezza dei Vostri dati personali<br \/>Fiorista Spinelli di Ramoino Roberta adotta idonee e preventive misure di sicurezza atte a salvaguardare la riservatezza, l\u2019integrit\u00e0, la completezza, la disponibilit\u00e0 dei Vostri dati personali. Cos\u00ec come imposto dai disposti normativi dal regolamento (UE) 2016\/679 del 27 aprile 2016 e relativo disciplinare tecnico, sono messi a punto accorgimenti tecnici, logistici ed organizzativi che hanno per obiettivo la prevenzione di danni, perdite anche accidentali, alterazioni, utilizzo improprio e non autorizzato dei dati che Vi riguardano. D\u2019altro canto, Fiorista Spinelli di Ramoino Roberta non si ritiene responsabile circa le informazioni non veritiere inviate direttamente dall\u2019utente (esempio: correttezza dell\u2019indirizzo e-mail o recapito postale o altri dati anagrafici), nonch\u00e8 informazioni che lo riguardano e che sono state fornite da un soggetto terzo, anche fraudolentemente.<br \/><strong>Condizioni di utilizzo del sito e copyright<\/strong><br \/>Fiorista Spinelli di Ramoino Roberta \u00e8 proprietaria del sito, che aggiorna e gestisce autonomamente. Il sito ha per obiettivo la diffusione di informazioni e notizie sui servizi oggetto dell\u2019attivit commerciale di Fiorista Spinelli di Ramoino Roberta. La documentazione, le immagini, i caratteri, il lavoro artistico, la grafica, il software e gli altri contenuti del sito, e tutti i codici e format scripts per implementare il sito, sono di propriet\u00e0 della nostra societ\u00e0 oppure di diritto esclusivo della stessa di implementazione. Il materiale contenuto nel sito Web protetto da copyright. L\u2019uso del sito meramente personale e non commerciale. E\u2019 fatto, pertanto, divieto di copiare, modificare, caricare, scaricare, trasmettere, pubblicare, o distribuire a terzi per scopi commerciali o di altro genere il contenuto o i marchi del sito. Il sito pu\u00f2 proporre links di accesso a siti di altri enti o di societ\u00e0: Fiorista Spinelli di Ramoino Roberta non pu\u00f2 ritenersi responsabile circa la loro disponibilit\u00e0, il loro contenuto, i prodotti ed i servizi offerti, n\u00e8, tanto meno, di eventuali danni o perdite occorsi in conseguenza del loro utilizzo. Non, peraltro, responsabile delle modalit\u00e0 e delle finalit\u00e0 di raccolta e di trattamento dei dati personali da parte di tali soggetti terzi. Fiorista Spinelli di Ramoino Roberta non si assume nessuna responsabilit per danni di qualsiasi tipo derivanti dall\u2019accesso a, o dall\u2019impossibilit\u00e0 di accedere a questo sito, o dall\u2019utilizzo di questo sito e del suo contenuto. Fiorista Spinelli di Ramoino Roberta si riserva, a propria discrezione, il diritto di: (a) modificare queste condizioni di utilizzo (b) controllare ed eliminare il materiale inviato al sito (c) interrompere la disponibilit\u00e0 del sito in qualsiasi momento e senza preavviso. L\u2019utente e Fiorista Spinelli di Ramoino Roberta concordano che le leggi ed i regolamenti dello Stato italiano troveranno applicazione per tutte le questioni relative all\u2019utilizzo del presente sito Web. L\u2019utente e Fiorista Spinelli di Ramoino Roberta concordano inoltre di assoggettarsi esclusivamente alla competenza del Foro di Imperia per le questioni di cui sopra.<br \/>Utilizzando questo sito, l\u2019utente implicitamente accetta i termini e le condizioni qui riportate.<\/p>\n<p>\n<\/div><\/div><\/div><\/div><\/div><\/section><\/p>\n","protected":false},"excerpt":{"rendered":"","protected":false},"author":1,"featured_media":0,"parent":0,"menu_order":0,"comment_status":"closed","ping_status":"closed","template":"","meta":[],"_links":{"self":[{"href":"https:\/\/www.fioristaspinelli.it\/index.php\/wp-json\/wp\/v2\/pages\/1014"}],"collection":[{"href":"https:\/\/www.fioristaspinelli.it\/index.php\/wp-json\/wp\/v2\/pages"}],"about":[{"href":"https:\/\/www.fioristaspinelli.it\/index.php\/wp-json\/wp\/v2\/types\/page"}],"author":[{"embeddable":true,"href":"https:\/\/www.fioristaspinelli.it\/index.php\/wp-json\/wp\/v2\/users\/1"}],"replies":[{"embeddable":true,"href":"https:\/\/www.fioristaspinelli.it\/index.php\/wp-json\/wp\/v2\/comments?post=1014"}],"version-history":[{"count":18,"href":"https:\/\/www.fioristaspinelli.it\/index.php\/wp-json\/wp\/v2\/pages\/1014\/revisions"}],"predecessor-version":[{"id":1218,"href":"https:\/\/www.fioristaspinelli.it\/index.php\/wp-json\/wp\/v2\/pages\/1014\/revisions\/1218"}],"wp:attachment":[{"href":"https:\/\/www.fioristaspinelli.it\/index.php\/wp-json\/wp\/v2\/media?parent=1014"}],"curies":[{"name":"wp","href":"https:\/\/api.w.org\/{rel}","templated":true}]}}