{"id":19,"date":"2019-04-11T11:20:29","date_gmt":"2019-04-11T09:20:29","guid":{"rendered":"https:\/\/www.fioristaspinelli.it\/?page_id=19"},"modified":"2020-05-12T16:59:06","modified_gmt":"2020-05-12T14:59:06","slug":"chi-siamo","status":"publish","type":"page","link":"https:\/\/www.fioristaspinelli.it\/index.php\/chi-siamo\/","title":{"rendered":"CHI SONO"},"content":{"rendered":"<p><section data-kc-fullwidth=\"row\" class=\"kc-elm kc-css-989394 kc_row\"><div class=\"kc-row-container  kc-container\"><div class=\"kc-wrap-columns\"><div class=\"kc-elm kc-css-315180 kc_col-sm-12 kc_column kc_col-sm-12\"><div class=\"kc-col-container\"><div class=\"kc-elm kc-css-233228 kc_text_block\"><\/p>\n<h1>CHI SONO<\/h1>\n<p>\n<\/div><\/div><\/div><\/div><\/div><\/section><section data-kc-fullwidth=\"row\" class=\"kc-elm kc-css-874922 kc_row\"><div class=\"kc-row-container  kc-container\"><div class=\"kc-wrap-columns\"><div class=\"kc-elm kc-css-767713 kc_col-sm-12 kc_column kc_col-sm-12\"><div class=\"kc-col-container\"><div class=\"kc-elm kc-css-386953 kc_row kc_row_inner\"><div class=\"kc-elm kc-css-282037 kc_col-sm-7 kc_column_inner kc_col-sm-7\"><div class=\"kc_wrapper kc-col-inner-container\"><div class=\"kc-elm kc-css-614017 kc_text_block\"><\/p>\n<h1>Roberta Ramoino<\/h1>\n<p>\n<\/div><div class=\"kc-elm kc-css-348392 kc_text_block\"><\/p>\n<p>Dalla Riviera dei Fiori, da pi\u00f9 di vent&#8217;anni, siamo a contatto con il mondo dell&#8217;addobbo floreale.<\/p>\n<p>Tutto \u00e8 iniziato come un piacevole hobby, un divertimento che poi si \u00e8 tramutato in forte passione. I primi corsi a livello amatoriale, le prime creazioni, e poi l&#8217;interesse \u00e8 diventato sempre pi\u00f9&#8217; intenso e l&#8217;impegno maggiore, con i primi corsi all&#8217;estero. Londra, Bruxelles, Varsavia, San Pietroburgo, Parigi, con i primi riconoscimenti internazionali e tanta soddisfazione.<\/p>\n<p>Ancora oggi continuiamo a studiare, a fare aggiornamenti e siamo pronti a soddisfare ogni vostro desiderio.<\/p>\n<p>\n<\/div><\/div><\/div><div class=\"kc-elm kc-css-342446 kc_col-sm-5 kc_column_inner kc_col-sm-5\"><div class=\"kc_wrapper kc-col-inner-container\"><div class=\"kc-elm kc-css-680830 kc_shortcode kc_single_image\">\n\n        <img src=\"https:\/\/www.fioristaspinelli.it\/wp-content\/uploads\/2020\/05\/roberta_ramoino_fiorsita_spinelli_portrait.jpg\" class=\"\" alt=\"\" \/>    <\/div>\n<\/div><\/div><\/div><\/div><\/div><\/div><\/div><\/section><section data-kc-fullwidth=\"row\" class=\"kc-elm kc-css-242086 kc_row\"><div class=\"kc-row-container  kc-container\"><div class=\"kc-wrap-columns\"><div class=\"kc-elm kc-css-116697 kc_col-sm-12 kc_column kc_col-sm-12\"><div class=\"kc-col-container\"><div class=\"kc-elm kc-css-146930 kc_row kc_row_inner\"><div class=\"kc-elm kc-css-295213 kc_col-sm-7 kc_column_inner kc_col-sm-7\"><div class=\"kc_wrapper kc-col-inner-container\"><div class=\"kc-elm kc-css-620816 kc_text_block\"><\/p>\n<h2>Passione e cura nei dettagli<br \/><\/h2>\n<p>\n<\/div><div class=\"kc-elm kc-css-882081 kc_text_block\"><\/p>\n<div>Ogni mia realizzazione e studiata fin nei dettagli per offrire ai vostri momenti di felicit\u00e0 un&#8217;atmosfera indimenticabile. Per ogni evento va trovato il giusto mix per rendere la vostra scenografia unica e accogliente.<\/div>\n<div><\/div>\n<div>Valuto attentamente stagionalit\u00e0, location, luce, profumi, colori; tutti elementi che insieme creano la cornice migliore per i vostri momenti pi\u00f9 belli. <\/div>\n<p class=\"MsoNormal\">\n<\/div><\/div><\/div><div class=\"kc-elm kc-css-928232 kc_col-sm-5 kc_column_inner kc_col-sm-5\"><div class=\"kc_wrapper kc-col-inner-container\"><div class=\"kc-elm kc-css-486227 kc_shortcode kc_single_image\">\n\n        <img src=\"https:\/\/www.fioristaspinelli.it\/wp-content\/uploads\/2020\/05\/roberta_ramoino_fiorsita_spinelli_manifattura.jpg\" class=\"\" alt=\"\" \/>    <\/div>\n<\/div><\/div><\/div><\/div><\/div><\/div><\/div><\/section><section class=\"kc-elm kc-css-261946 kc_row\"><div class=\"kc-row-container  kc-container\"><div class=\"kc-wrap-columns\"><div class=\"kc-elm kc-css-79437 kc_col-sm-12 kc_column kc_col-sm-12\"><div class=\"kc-col-container\">\n<div class=\"kc-elm kc-css-42572\">\n\t<a class=\"kc_button\" href=\"https:\/\/www.fioristaspinelli.it\/index.php\/gallery\/\" target=\"_self\" title=\"\" onclick=\"\">\n\t\tGuarda le mie realizzazioni\t<\/a>\n<\/div>\n<\/div><\/div><\/div><\/div><\/section><\/p>\n","protected":false},"excerpt":{"rendered":"","protected":false},"author":1,"featured_media":0,"parent":0,"menu_order":0,"comment_status":"closed","ping_status":"closed","template":"","meta":[],"_links":{"self":[{"href":"https:\/\/www.fioristaspinelli.it\/index.php\/wp-json\/wp\/v2\/pages\/19"}],"collection":[{"href":"https:\/\/www.fioristaspinelli.it\/index.php\/wp-json\/wp\/v2\/pages"}],"about":[{"href":"https:\/\/www.fioristaspinelli.it\/index.php\/wp-json\/wp\/v2\/types\/page"}],"author":[{"embeddable":true,"href":"https:\/\/www.fioristaspinelli.it\/index.php\/wp-json\/wp\/v2\/users\/1"}],"replies":[{"embeddable":true,"href":"https:\/\/www.fioristaspinelli.it\/index.php\/wp-json\/wp\/v2\/comments?post=19"}],"version-history":[{"count":71,"href":"https:\/\/www.fioristaspinelli.it\/index.php\/wp-json\/wp\/v2\/pages\/19\/revisions"}],"predecessor-version":[{"id":1098,"href":"https:\/\/www.fioristaspinelli.it\/index.php\/wp-json\/wp\/v2\/pages\/19\/revisions\/1098"}],"wp:attachment":[{"href":"https:\/\/www.fioristaspinelli.it\/index.php\/wp-json\/wp\/v2\/media?parent=19"}],"curies":[{"name":"wp","href":"https:\/\/api.w.org\/{rel}","templated":true}]}}